{"id":1936,"date":"2022-07-04T13:26:51","date_gmt":"2022-07-04T10:26:51","guid":{"rendered":"https:\/\/mobika.com.tr\/?page_id=1936"},"modified":"2024-09-03T09:37:50","modified_gmt":"2024-09-03T06:37:50","slug":"iletisim","status":"publish","type":"page","link":"https:\/\/mobika.com.tr\/?page_id=1936","title":{"rendered":"\u0130leti\u015fim"},"content":{"rendered":"\t\t<div data-elementor-type=\"wp-page\" data-elementor-id=\"1936\" class=\"elementor elementor-1936\">\n\t\t\t\t\t\t<section class=\"elementor-section elementor-top-section elementor-element elementor-element-c4c4f5d elementor-section-height-min-height elementor-section-boxed elementor-section-height-default elementor-section-items-middle elementor-invisible\" data-id=\"c4c4f5d\" data-element_type=\"section\" data-settings=\"{&quot;background_background&quot;:&quot;classic&quot;,&quot;shape_divider_bottom&quot;:&quot;tilt&quot;,&quot;animation&quot;:&quot;fadeIn&quot;,&quot;background_motion_fx_motion_fx_scrolling&quot;:&quot;yes&quot;,&quot;background_motion_fx_scale_effect&quot;:&quot;yes&quot;,&quot;background_motion_fx_scale_speed&quot;:{&quot;unit&quot;:&quot;px&quot;,&quot;size&quot;:3,&quot;sizes&quot;:[]},&quot;background_motion_fx_scale_range&quot;:{&quot;unit&quot;:&quot;%&quot;,&quot;size&quot;:&quot;&quot;,&quot;sizes&quot;:{&quot;start&quot;:0,&quot;end&quot;:100}},&quot;background_motion_fx_motion_fx_mouse&quot;:&quot;yes&quot;,&quot;background_motion_fx_mouseTrack_effect&quot;:&quot;yes&quot;,&quot;background_motion_fx_mouseTrack_speed&quot;:{&quot;unit&quot;:&quot;px&quot;,&quot;size&quot;:0.6,&quot;sizes&quot;:[]},&quot;background_motion_fx_scale_direction&quot;:&quot;out-in&quot;,&quot;background_motion_fx_devices&quot;:[&quot;desktop&quot;,&quot;tablet&quot;,&quot;mobile&quot;]}\">\n\t\t\t\t\t\t\t<div class=\"elementor-background-overlay\"><\/div>\n\t\t\t\t\t\t<div class=\"elementor-shape elementor-shape-bottom\" aria-hidden=\"true\" data-negative=\"false\">\n\t\t\t<svg xmlns=\"http:\/\/www.w3.org\/2000\/svg\" viewBox=\"0 0 1000 100\" preserveAspectRatio=\"none\">\n\t<path class=\"elementor-shape-fill\" d=\"M0,6V0h1000v100L0,6z\"\/>\n<\/svg>\t\t<\/div>\n\t\t\t\t\t<div class=\"elementor-container elementor-column-gap-default\">\n\t\t\t\t\t<div class=\"elementor-column elementor-col-100 elementor-top-column elementor-element elementor-element-2ebd070\" data-id=\"2ebd070\" data-element_type=\"column\">\n\t\t\t<div class=\"elementor-widget-wrap elementor-element-populated\">\n\t\t\t\t\t\t<div class=\"elementor-element elementor-element-30b4d9b elementor-widget elementor-widget-heading\" data-id=\"30b4d9b\" data-element_type=\"widget\" data-widget_type=\"heading.default\">\n\t\t\t\t<div class=\"elementor-widget-container\">\n\t\t\t\t\t<h1 class=\"elementor-heading-title elementor-size-default\">\u0130leti\u015fim<\/h1>\t\t\t\t<\/div>\n\t\t\t\t<\/div>\n\t\t\t\t\t<\/div>\n\t\t<\/div>\n\t\t\t\t\t<\/div>\n\t\t<\/section>\n\t\t\t\t<section class=\"elementor-section elementor-top-section elementor-element elementor-element-e06dd05 elementor-section-boxed elementor-section-height-default elementor-section-height-default\" data-id=\"e06dd05\" data-element_type=\"section\">\n\t\t\t\t\t\t<div class=\"elementor-container elementor-column-gap-default\">\n\t\t\t\t\t<div class=\"elementor-column elementor-col-100 elementor-top-column elementor-element elementor-element-c673193\" data-id=\"c673193\" data-element_type=\"column\">\n\t\t\t<div class=\"elementor-widget-wrap elementor-element-populated\">\n\t\t\t\t\t\t<section class=\"elementor-section elementor-inner-section elementor-element elementor-element-7297c14 elementor-section-boxed elementor-section-height-default elementor-section-height-default\" data-id=\"7297c14\" data-element_type=\"section\">\n\t\t\t\t\t\t<div class=\"elementor-container elementor-column-gap-default\">\n\t\t\t\t\t<div class=\"elementor-column elementor-col-50 elementor-inner-column elementor-element elementor-element-b601dc0\" data-id=\"b601dc0\" data-element_type=\"column\" data-settings=\"{&quot;background_background&quot;:&quot;classic&quot;}\">\n\t\t\t<div class=\"elementor-widget-wrap elementor-element-populated\">\n\t\t\t\t\t\t<div class=\"elementor-element elementor-element-0f6d5f1 elementor-align-start elementor-icon-list--layout-traditional elementor-list-item-link-full_width elementor-widget elementor-widget-icon-list\" data-id=\"0f6d5f1\" data-element_type=\"widget\" data-widget_type=\"icon-list.default\">\n\t\t\t\t<div class=\"elementor-widget-container\">\n\t\t\t\t\t\t\t<ul class=\"elementor-icon-list-items\">\n\t\t\t\t\t\t\t<li class=\"elementor-icon-list-item\">\n\t\t\t\t\t\t\t\t\t\t\t<span class=\"elementor-icon-list-icon\">\n\t\t\t\t\t\t\t<i aria-hidden=\"true\" class=\"icon icon-map-marker1\"><\/i>\t\t\t\t\t\t<\/span>\n\t\t\t\t\t\t\t\t\t\t<span class=\"elementor-icon-list-text\">Ovaak\u00e7a \u00c7e\u015fmeba\u015f\u0131 Mah. Mevlana Cad No:82 Osmangazi Bursa<\/span>\n\t\t\t\t\t\t\t\t\t<\/li>\n\t\t\t\t\t\t\t\t<li class=\"elementor-icon-list-item\">\n\t\t\t\t\t\t\t\t\t\t\t<span class=\"elementor-icon-list-icon\">\n\t\t\t\t\t\t\t<i aria-hidden=\"true\" class=\"icon icon-factory\"><\/i>\t\t\t\t\t\t<\/span>\n\t\t\t\t\t\t\t\t\t\t<span class=\"elementor-icon-list-text\"> Fabrika: +90 224 405 05 14<\/span>\n\t\t\t\t\t\t\t\t\t<\/li>\n\t\t\t\t\t\t\t\t<li class=\"elementor-icon-list-item\">\n\t\t\t\t\t\t\t\t\t\t\t<span class=\"elementor-icon-list-icon\">\n\t\t\t\t\t\t\t<i aria-hidden=\"true\" class=\"icon icon-email1\"><\/i>\t\t\t\t\t\t<\/span>\n\t\t\t\t\t\t\t\t\t\t<span class=\"elementor-icon-list-text\">info@mobika.com.tr<\/span>\n\t\t\t\t\t\t\t\t\t<\/li>\n\t\t\t\t\t\t<\/ul>\n\t\t\t\t\t\t<\/div>\n\t\t\t\t<\/div>\n\t\t\t\t\t<\/div>\n\t\t<\/div>\n\t\t\t\t<div class=\"elementor-column elementor-col-50 elementor-inner-column elementor-element elementor-element-c55a8a7\" data-id=\"c55a8a7\" data-element_type=\"column\">\n\t\t\t<div class=\"elementor-widget-wrap elementor-element-populated\">\n\t\t\t\t\t\t<div class=\"elementor-element elementor-element-b56a48a elementor-widget elementor-widget-heading\" data-id=\"b56a48a\" data-element_type=\"widget\" data-widget_type=\"heading.default\">\n\t\t\t\t<div class=\"elementor-widget-container\">\n\t\t\t\t\t<h2 class=\"elementor-heading-title elementor-size-default\">Bize Yaz\u0131n!<\/h2>\t\t\t\t<\/div>\n\t\t\t\t<\/div>\n\t\t\t\t<div class=\"elementor-element elementor-element-6880cf0 elementor-widget elementor-widget-heading\" data-id=\"6880cf0\" data-element_type=\"widget\" data-widget_type=\"heading.default\">\n\t\t\t\t<div class=\"elementor-widget-container\">\n\t\t\t\t\t<h2 class=\"elementor-heading-title elementor-size-default\">Yetkililerimiz, telefon numaran\u0131zdan <br>size en k\u0131sa zamanda d\u00f6n\u00fc\u015f yapacakt\u0131r.<\/h2>\t\t\t\t<\/div>\n\t\t\t\t<\/div>\n\t\t\t\t<div class=\"elementor-element elementor-element-bde05bb elementor-widget elementor-widget-shortcode\" data-id=\"bde05bb\" data-element_type=\"widget\" data-widget_type=\"shortcode.default\">\n\t\t\t\t<div class=\"elementor-widget-container\">\n\t\t\t\t\t\t\t<div class=\"elementor-shortcode\">[forminator_form id=\"1933\"]<\/div>\n\t\t\t\t\t\t<\/div>\n\t\t\t\t<\/div>\n\t\t\t\t\t<\/div>\n\t\t<\/div>\n\t\t\t\t\t<\/div>\n\t\t<\/section>\n\t\t\t\t\t<\/div>\n\t\t<\/div>\n\t\t\t\t\t<\/div>\n\t\t<\/section>\n\t\t\t\t<section class=\"elementor-section elementor-top-section elementor-element elementor-element-de0c647 elementor-section-boxed elementor-section-height-default elementor-section-height-default\" data-id=\"de0c647\" data-element_type=\"section\">\n\t\t\t\t\t\t<div class=\"elementor-container elementor-column-gap-no\">\n\t\t\t\t\t<div class=\"elementor-column elementor-col-100 elementor-top-column elementor-element elementor-element-2cb3972\" data-id=\"2cb3972\" data-element_type=\"column\">\n\t\t\t<div class=\"elementor-widget-wrap elementor-element-populated\">\n\t\t\t\t\t\t<div class=\"elementor-element elementor-element-4e27229 elementor-widget elementor-widget-google_maps\" data-id=\"4e27229\" data-element_type=\"widget\" data-widget_type=\"google_maps.default\">\n\t\t\t\t<div class=\"elementor-widget-container\">\n\t\t\t\t\t\t\t<div class=\"elementor-custom-embed\">\n\t\t\t<iframe loading=\"lazy\"\n\t\t\t\t\tsrc=\"https:\/\/maps.google.com\/maps?q=Viena%20Mutfak%20Kap%C4%B1%20Vestiyer%20Banyo%20Kayapa%2C%2016315%20Nil%C3%BCfer%2FBursa&#038;t=m&#038;z=15&#038;output=embed&#038;iwloc=near\"\n\t\t\t\t\ttitle=\"Viena Mutfak Kap\u0131 Vestiyer Banyo Kayapa, 16315 Nil\u00fcfer\/Bursa\"\n\t\t\t\t\taria-label=\"Viena Mutfak Kap\u0131 Vestiyer Banyo Kayapa, 16315 Nil\u00fcfer\/Bursa\"\n\t\t\t><\/iframe>\n\t\t<\/div>\n\t\t\t\t\t\t<\/div>\n\t\t\t\t<\/div>\n\t\t\t\t\t<\/div>\n\t\t<\/div>\n\t\t\t\t\t<\/div>\n\t\t<\/section>\n\t\t\t\t<\/div>\n\t\t","protected":false},"excerpt":{"rendered":"<p>\u0130leti\u015fim Ovaak\u00e7a \u00c7e\u015fmeba\u015f\u0131 Mah. Mevlana Cad No:82 Osmangazi Bursa Fabrika: +90 224 405 05 14 info@mobika.com.tr Bize Yaz\u0131n! Yetkililerimiz, telefon numaran\u0131zdan size en k\u0131sa zamanda d\u00f6n\u00fc\u015f yapacakt\u0131r. [forminator_form id=&#8221;1933&#8243;]<\/p>\n","protected":false},"author":1,"featured_media":0,"parent":0,"menu_order":0,"comment_status":"closed","ping_status":"closed","template":"elementor_header_footer","meta":{"footnotes":""},"class_list":["post-1936","page","type-page","status-publish","hentry"],"yoast_head":"<!-- This site is optimized with the Yoast SEO plugin v26.7 - https:\/\/yoast.com\/wordpress\/plugins\/seo\/ -->\n<title>\u0130leti\u015fim - Mobika A.\u015e.<\/title>\n<meta name=\"robots\" content=\"index, follow, max-snippet:-1, max-image-preview:large, max-video-preview:-1\" \/>\n<link rel=\"canonical\" href=\"https:\/\/mobika.com.tr\/?page_id=1936\" \/>\n<meta property=\"og:locale\" content=\"tr_TR\" \/>\n<meta property=\"og:type\" content=\"article\" \/>\n<meta property=\"og:title\" content=\"\u0130leti\u015fim - Mobika A.\u015e.\" \/>\n<meta property=\"og:description\" content=\"\u0130leti\u015fim Ovaak\u00e7a \u00c7e\u015fmeba\u015f\u0131 Mah. Mevlana Cad No:82 Osmangazi Bursa Fabrika: +90 224 405 05 14 info@mobika.com.tr Bize Yaz\u0131n! Yetkililerimiz, telefon numaran\u0131zdan size en k\u0131sa zamanda d\u00f6n\u00fc\u015f yapacakt\u0131r. [forminator_form id=&#8221;1933&#8243;]\" \/>\n<meta property=\"og:url\" content=\"https:\/\/mobika.com.tr\/?page_id=1936\" \/>\n<meta property=\"og:site_name\" content=\"Mobika A.\u015e.\" \/>\n<meta property=\"article:modified_time\" content=\"2024-09-03T06:37:50+00:00\" \/>\n<meta name=\"twitter:card\" content=\"summary_large_image\" \/>\n<script type=\"application\/ld+json\" class=\"yoast-schema-graph\">{\"@context\":\"https:\/\/schema.org\",\"@graph\":[{\"@type\":\"WebPage\",\"@id\":\"https:\/\/mobika.com.tr\/?page_id=1936\",\"url\":\"https:\/\/mobika.com.tr\/?page_id=1936\",\"name\":\"\u0130leti\u015fim - Mobika A.\u015e.\",\"isPartOf\":{\"@id\":\"https:\/\/mobika.com.tr\/#website\"},\"datePublished\":\"2022-07-04T10:26:51+00:00\",\"dateModified\":\"2024-09-03T06:37:50+00:00\",\"breadcrumb\":{\"@id\":\"https:\/\/mobika.com.tr\/?page_id=1936#breadcrumb\"},\"inLanguage\":\"tr\",\"potentialAction\":[{\"@type\":\"ReadAction\",\"target\":[\"https:\/\/mobika.com.tr\/?page_id=1936\"]}]},{\"@type\":\"BreadcrumbList\",\"@id\":\"https:\/\/mobika.com.tr\/?page_id=1936#breadcrumb\",\"itemListElement\":[{\"@type\":\"ListItem\",\"position\":1,\"name\":\"Anasayfa\",\"item\":\"https:\/\/mobika.com.tr\/\"},{\"@type\":\"ListItem\",\"position\":2,\"name\":\"\u0130leti\u015fim\"}]},{\"@type\":\"WebSite\",\"@id\":\"https:\/\/mobika.com.tr\/#website\",\"url\":\"https:\/\/mobika.com.tr\/\",\"name\":\"Mobika A.\u015e.\",\"description\":\"Yap\u0131 Mobilya Yap\u0131 Malzemeleri\",\"publisher\":{\"@id\":\"https:\/\/mobika.com.tr\/#organization\"},\"potentialAction\":[{\"@type\":\"SearchAction\",\"target\":{\"@type\":\"EntryPoint\",\"urlTemplate\":\"https:\/\/mobika.com.tr\/?s={search_term_string}\"},\"query-input\":{\"@type\":\"PropertyValueSpecification\",\"valueRequired\":true,\"valueName\":\"search_term_string\"}}],\"inLanguage\":\"tr\"},{\"@type\":\"Organization\",\"@id\":\"https:\/\/mobika.com.tr\/#organization\",\"name\":\"Mobika A.\u015e.\",\"url\":\"https:\/\/mobika.com.tr\/\",\"logo\":{\"@type\":\"ImageObject\",\"inLanguage\":\"tr\",\"@id\":\"https:\/\/mobika.com.tr\/#\/schema\/logo\/image\/\",\"url\":\"https:\/\/mobika.com.tr\/wp-content\/uploads\/2022\/06\/logo-siyah-1.png\",\"contentUrl\":\"https:\/\/mobika.com.tr\/wp-content\/uploads\/2022\/06\/logo-siyah-1.png\",\"width\":1987,\"height\":399,\"caption\":\"Mobika A.\u015e.\"},\"image\":{\"@id\":\"https:\/\/mobika.com.tr\/#\/schema\/logo\/image\/\"}}]}<\/script>\n<!-- \/ Yoast SEO plugin. -->","yoast_head_json":{"title":"\u0130leti\u015fim - Mobika A.\u015e.","robots":{"index":"index","follow":"follow","max-snippet":"max-snippet:-1","max-image-preview":"max-image-preview:large","max-video-preview":"max-video-preview:-1"},"canonical":"https:\/\/mobika.com.tr\/?page_id=1936","og_locale":"tr_TR","og_type":"article","og_title":"\u0130leti\u015fim - Mobika A.\u015e.","og_description":"\u0130leti\u015fim Ovaak\u00e7a \u00c7e\u015fmeba\u015f\u0131 Mah. Mevlana Cad No:82 Osmangazi Bursa Fabrika: +90 224 405 05 14 info@mobika.com.tr Bize Yaz\u0131n! Yetkililerimiz, telefon numaran\u0131zdan size en k\u0131sa zamanda d\u00f6n\u00fc\u015f yapacakt\u0131r. [forminator_form id=&#8221;1933&#8243;]","og_url":"https:\/\/mobika.com.tr\/?page_id=1936","og_site_name":"Mobika A.\u015e.","article_modified_time":"2024-09-03T06:37:50+00:00","twitter_card":"summary_large_image","schema":{"@context":"https:\/\/schema.org","@graph":[{"@type":"WebPage","@id":"https:\/\/mobika.com.tr\/?page_id=1936","url":"https:\/\/mobika.com.tr\/?page_id=1936","name":"\u0130leti\u015fim - Mobika A.\u015e.","isPartOf":{"@id":"https:\/\/mobika.com.tr\/#website"},"datePublished":"2022-07-04T10:26:51+00:00","dateModified":"2024-09-03T06:37:50+00:00","breadcrumb":{"@id":"https:\/\/mobika.com.tr\/?page_id=1936#breadcrumb"},"inLanguage":"tr","potentialAction":[{"@type":"ReadAction","target":["https:\/\/mobika.com.tr\/?page_id=1936"]}]},{"@type":"BreadcrumbList","@id":"https:\/\/mobika.com.tr\/?page_id=1936#breadcrumb","itemListElement":[{"@type":"ListItem","position":1,"name":"Anasayfa","item":"https:\/\/mobika.com.tr\/"},{"@type":"ListItem","position":2,"name":"\u0130leti\u015fim"}]},{"@type":"WebSite","@id":"https:\/\/mobika.com.tr\/#website","url":"https:\/\/mobika.com.tr\/","name":"Mobika A.\u015e.","description":"Yap\u0131 Mobilya Yap\u0131 Malzemeleri","publisher":{"@id":"https:\/\/mobika.com.tr\/#organization"},"potentialAction":[{"@type":"SearchAction","target":{"@type":"EntryPoint","urlTemplate":"https:\/\/mobika.com.tr\/?s={search_term_string}"},"query-input":{"@type":"PropertyValueSpecification","valueRequired":true,"valueName":"search_term_string"}}],"inLanguage":"tr"},{"@type":"Organization","@id":"https:\/\/mobika.com.tr\/#organization","name":"Mobika A.\u015e.","url":"https:\/\/mobika.com.tr\/","logo":{"@type":"ImageObject","inLanguage":"tr","@id":"https:\/\/mobika.com.tr\/#\/schema\/logo\/image\/","url":"https:\/\/mobika.com.tr\/wp-content\/uploads\/2022\/06\/logo-siyah-1.png","contentUrl":"https:\/\/mobika.com.tr\/wp-content\/uploads\/2022\/06\/logo-siyah-1.png","width":1987,"height":399,"caption":"Mobika A.\u015e."},"image":{"@id":"https:\/\/mobika.com.tr\/#\/schema\/logo\/image\/"}}]}},"_links":{"self":[{"href":"https:\/\/mobika.com.tr\/index.php?rest_route=\/wp\/v2\/pages\/1936","targetHints":{"allow":["GET"]}}],"collection":[{"href":"https:\/\/mobika.com.tr\/index.php?rest_route=\/wp\/v2\/pages"}],"about":[{"href":"https:\/\/mobika.com.tr\/index.php?rest_route=\/wp\/v2\/types\/page"}],"author":[{"embeddable":true,"href":"https:\/\/mobika.com.tr\/index.php?rest_route=\/wp\/v2\/users\/1"}],"replies":[{"embeddable":true,"href":"https:\/\/mobika.com.tr\/index.php?rest_route=%2Fwp%2Fv2%2Fcomments&post=1936"}],"version-history":[{"count":125,"href":"https:\/\/mobika.com.tr\/index.php?rest_route=\/wp\/v2\/pages\/1936\/revisions"}],"predecessor-version":[{"id":2378,"href":"https:\/\/mobika.com.tr\/index.php?rest_route=\/wp\/v2\/pages\/1936\/revisions\/2378"}],"wp:attachment":[{"href":"https:\/\/mobika.com.tr\/index.php?rest_route=%2Fwp%2Fv2%2Fmedia&parent=1936"}],"curies":[{"name":"wp","href":"https:\/\/api.w.org\/{rel}","templated":true}]}}