{"id":1736,"date":"2022-07-03T10:34:14","date_gmt":"2022-07-03T07:34:14","guid":{"rendered":"https:\/\/mobika.com.tr\/?page_id=1736"},"modified":"2022-07-04T00:16:40","modified_gmt":"2022-07-03T21:16:40","slug":"makine","status":"publish","type":"page","link":"https:\/\/mobika.com.tr\/?page_id=1736","title":{"rendered":"Makine Parkuru"},"content":{"rendered":"\t\t<div data-elementor-type=\"wp-page\" data-elementor-id=\"1736\" class=\"elementor elementor-1736\">\n\t\t\t\t\t\t<section class=\"elementor-section elementor-top-section elementor-element elementor-element-c4c4f5d elementor-section-height-min-height elementor-section-boxed elementor-section-height-default elementor-section-items-middle elementor-invisible\" data-id=\"c4c4f5d\" data-element_type=\"section\" data-settings=\"{&quot;background_background&quot;:&quot;classic&quot;,&quot;shape_divider_bottom&quot;:&quot;tilt&quot;,&quot;animation&quot;:&quot;fadeIn&quot;,&quot;background_motion_fx_motion_fx_scrolling&quot;:&quot;yes&quot;,&quot;background_motion_fx_scale_effect&quot;:&quot;yes&quot;,&quot;background_motion_fx_scale_speed&quot;:{&quot;unit&quot;:&quot;px&quot;,&quot;size&quot;:3,&quot;sizes&quot;:[]},&quot;background_motion_fx_scale_range&quot;:{&quot;unit&quot;:&quot;%&quot;,&quot;size&quot;:&quot;&quot;,&quot;sizes&quot;:{&quot;start&quot;:0,&quot;end&quot;:100}},&quot;background_motion_fx_motion_fx_mouse&quot;:&quot;yes&quot;,&quot;background_motion_fx_mouseTrack_effect&quot;:&quot;yes&quot;,&quot;background_motion_fx_mouseTrack_speed&quot;:{&quot;unit&quot;:&quot;px&quot;,&quot;size&quot;:0.6,&quot;sizes&quot;:[]},&quot;background_motion_fx_scale_direction&quot;:&quot;out-in&quot;,&quot;background_motion_fx_devices&quot;:[&quot;desktop&quot;,&quot;tablet&quot;,&quot;mobile&quot;]}\">\n\t\t\t\t\t\t\t<div class=\"elementor-background-overlay\"><\/div>\n\t\t\t\t\t\t<div class=\"elementor-shape elementor-shape-bottom\" aria-hidden=\"true\" data-negative=\"false\">\n\t\t\t<svg xmlns=\"http:\/\/www.w3.org\/2000\/svg\" viewBox=\"0 0 1000 100\" preserveAspectRatio=\"none\">\n\t<path class=\"elementor-shape-fill\" d=\"M0,6V0h1000v100L0,6z\"\/>\n<\/svg>\t\t<\/div>\n\t\t\t\t\t<div class=\"elementor-container elementor-column-gap-default\">\n\t\t\t\t\t<div class=\"elementor-column elementor-col-100 elementor-top-column elementor-element elementor-element-2ebd070\" data-id=\"2ebd070\" data-element_type=\"column\">\n\t\t\t<div class=\"elementor-widget-wrap elementor-element-populated\">\n\t\t\t\t\t\t<div class=\"elementor-element elementor-element-30b4d9b elementor-widget elementor-widget-heading\" data-id=\"30b4d9b\" data-element_type=\"widget\" data-widget_type=\"heading.default\">\n\t\t\t\t<div class=\"elementor-widget-container\">\n\t\t\t\t\t<h1 class=\"elementor-heading-title elementor-size-default\">Makine Parkurumuz<\/h1>\t\t\t\t<\/div>\n\t\t\t\t<\/div>\n\t\t\t\t\t<\/div>\n\t\t<\/div>\n\t\t\t\t\t<\/div>\n\t\t<\/section>\n\t\t\t\t<section class=\"elementor-section elementor-top-section elementor-element elementor-element-e06dd05 elementor-section-boxed elementor-section-height-default elementor-section-height-default\" data-id=\"e06dd05\" data-element_type=\"section\">\n\t\t\t\t\t\t<div class=\"elementor-container elementor-column-gap-default\">\n\t\t\t\t\t<div class=\"elementor-column elementor-col-100 elementor-top-column elementor-element elementor-element-c673193\" data-id=\"c673193\" data-element_type=\"column\">\n\t\t\t<div class=\"elementor-widget-wrap elementor-element-populated\">\n\t\t\t\t\t\t<section class=\"elementor-section elementor-inner-section elementor-element elementor-element-593e170 elementor-section-boxed elementor-section-height-default elementor-section-height-default\" data-id=\"593e170\" data-element_type=\"section\">\n\t\t\t\t\t\t<div class=\"elementor-container elementor-column-gap-default\">\n\t\t\t\t\t<div class=\"elementor-column elementor-col-100 elementor-inner-column elementor-element elementor-element-eafc310\" data-id=\"eafc310\" data-element_type=\"column\">\n\t\t\t<div class=\"elementor-widget-wrap elementor-element-populated\">\n\t\t\t\t\t\t<div class=\"elementor-element elementor-element-5218b62 elementor-headline--style-rotate elementor-widget elementor-widget-animated-headline\" data-id=\"5218b62\" data-element_type=\"widget\" data-settings=\"{&quot;rotating_text&quot;:&quot;\\u0130talyan Makine Parkurumuz ile&quot;,&quot;animation_type&quot;:&quot;flip&quot;,&quot;headline_style&quot;:&quot;rotate&quot;,&quot;rotate_iteration_delay&quot;:2500}\" data-widget_type=\"animated-headline.default\">\n\t\t\t\t<div class=\"elementor-widget-container\">\n\t\t\t\t\t\t\t<h1 class=\"elementor-headline elementor-headline-animation-type-flip\">\n\t\t\t\t<span class=\"elementor-headline-dynamic-wrapper elementor-headline-text-wrapper\">\n\t\t\t\t\t<span class=\"elementor-headline-dynamic-text elementor-headline-text-active\">\n\t\t\t\t\u0130talyan&nbsp;Makine&nbsp;Parkurumuz&nbsp;ile\t\t\t<\/span>\n\t\t\t\t\t\t<\/span>\n\t\t\t\t<\/h1>\n\t\t\t\t\t\t<\/div>\n\t\t\t\t<\/div>\n\t\t\t\t<div class=\"elementor-element elementor-element-2cf5406 elementor-headline--style-highlight elementor-widget elementor-widget-animated-headline\" data-id=\"2cf5406\" data-element_type=\"widget\" data-settings=\"{&quot;marker&quot;:&quot;curly&quot;,&quot;highlighted_text&quot;:&quot;MOD\\u00dcLASYON \\u00dcRET\\u0130M&quot;,&quot;headline_style&quot;:&quot;highlight&quot;,&quot;highlight_animation_duration&quot;:1200}\" data-widget_type=\"animated-headline.default\">\n\t\t\t\t<div class=\"elementor-widget-container\">\n\t\t\t\t\t\t\t<h1 class=\"elementor-headline\">\n\t\t\t\t\t<span class=\"elementor-headline-plain-text elementor-headline-text-wrapper\">AVRUPA STANDARTLARINDA <\/span>\n\t\t\t\t<span class=\"elementor-headline-dynamic-wrapper elementor-headline-text-wrapper\">\n\t\t\t\t\t<span class=\"elementor-headline-dynamic-text elementor-headline-text-active\">MOD\u00dcLASYON \u00dcRET\u0130M<\/span>\n\t\t\t\t<\/span>\n\t\t\t\t<\/h1>\n\t\t\t\t\t\t<\/div>\n\t\t\t\t<\/div>\n\t\t\t\t\t<\/div>\n\t\t<\/div>\n\t\t\t\t\t<\/div>\n\t\t<\/section>\n\t\t\t\t\t<\/div>\n\t\t<\/div>\n\t\t\t\t\t<\/div>\n\t\t<\/section>\n\t\t\t\t<section class=\"elementor-section elementor-top-section elementor-element elementor-element-95e229d elementor-section-boxed elementor-section-height-default elementor-section-height-default\" data-id=\"95e229d\" data-element_type=\"section\">\n\t\t\t\t\t\t<div class=\"elementor-container elementor-column-gap-default\">\n\t\t\t\t\t<div class=\"elementor-column elementor-col-100 elementor-top-column elementor-element elementor-element-8af5220\" data-id=\"8af5220\" data-element_type=\"column\">\n\t\t\t<div class=\"elementor-widget-wrap\">\n\t\t\t\t\t\t\t<\/div>\n\t\t<\/div>\n\t\t\t\t\t<\/div>\n\t\t<\/section>\n\t\t\t\t<\/div>\n\t\t","protected":false},"excerpt":{"rendered":"<p>Makine Parkurumuz \u0130talyan&nbsp;Makine&nbsp;Parkurumuz&nbsp;ile AVRUPA STANDARTLARINDA MOD\u00dcLASYON \u00dcRET\u0130M<\/p>\n","protected":false},"author":1,"featured_media":0,"parent":0,"menu_order":0,"comment_status":"closed","ping_status":"closed","template":"elementor_header_footer","meta":{"footnotes":""},"class_list":["post-1736","page","type-page","status-publish","hentry"],"yoast_head":"<!-- This site is optimized with the Yoast SEO plugin v26.7 - https:\/\/yoast.com\/wordpress\/plugins\/seo\/ -->\n<title>Makine Parkuru - Mobika A.\u015e.<\/title>\n<meta name=\"robots\" content=\"index, follow, max-snippet:-1, max-image-preview:large, max-video-preview:-1\" \/>\n<link rel=\"canonical\" href=\"https:\/\/mobika.com.tr\/?page_id=1736\" \/>\n<meta property=\"og:locale\" content=\"tr_TR\" \/>\n<meta property=\"og:type\" content=\"article\" \/>\n<meta property=\"og:title\" content=\"Makine Parkuru - Mobika A.\u015e.\" \/>\n<meta property=\"og:description\" content=\"Makine Parkurumuz \u0130talyan&nbsp;Makine&nbsp;Parkurumuz&nbsp;ile AVRUPA STANDARTLARINDA MOD\u00dcLASYON \u00dcRET\u0130M\" \/>\n<meta property=\"og:url\" content=\"https:\/\/mobika.com.tr\/?page_id=1736\" \/>\n<meta property=\"og:site_name\" content=\"Mobika A.\u015e.\" \/>\n<meta property=\"article:modified_time\" content=\"2022-07-03T21:16:40+00:00\" \/>\n<meta property=\"og:image\" content=\"https:\/\/mobika.com.tr\/wp-content\/uploads\/2022\/07\/DSC08383-1024x683.jpg\" \/>\n<meta name=\"twitter:card\" content=\"summary_large_image\" \/>\n<script type=\"application\/ld+json\" class=\"yoast-schema-graph\">{\"@context\":\"https:\/\/schema.org\",\"@graph\":[{\"@type\":\"WebPage\",\"@id\":\"https:\/\/mobika.com.tr\/?page_id=1736\",\"url\":\"https:\/\/mobika.com.tr\/?page_id=1736\",\"name\":\"Makine Parkuru - Mobika A.\u015e.\",\"isPartOf\":{\"@id\":\"https:\/\/mobika.com.tr\/#website\"},\"primaryImageOfPage\":{\"@id\":\"https:\/\/mobika.com.tr\/?page_id=1736#primaryimage\"},\"image\":{\"@id\":\"https:\/\/mobika.com.tr\/?page_id=1736#primaryimage\"},\"thumbnailUrl\":\"https:\/\/mobika.com.tr\/wp-content\/uploads\/2022\/07\/DSC08383-1024x683.jpg\",\"datePublished\":\"2022-07-03T07:34:14+00:00\",\"dateModified\":\"2022-07-03T21:16:40+00:00\",\"breadcrumb\":{\"@id\":\"https:\/\/mobika.com.tr\/?page_id=1736#breadcrumb\"},\"inLanguage\":\"tr\",\"potentialAction\":[{\"@type\":\"ReadAction\",\"target\":[\"https:\/\/mobika.com.tr\/?page_id=1736\"]}]},{\"@type\":\"ImageObject\",\"inLanguage\":\"tr\",\"@id\":\"https:\/\/mobika.com.tr\/?page_id=1736#primaryimage\",\"url\":\"https:\/\/mobika.com.tr\/wp-content\/uploads\/2022\/07\/DSC08383.jpg\",\"contentUrl\":\"https:\/\/mobika.com.tr\/wp-content\/uploads\/2022\/07\/DSC08383.jpg\",\"width\":1511,\"height\":1008},{\"@type\":\"BreadcrumbList\",\"@id\":\"https:\/\/mobika.com.tr\/?page_id=1736#breadcrumb\",\"itemListElement\":[{\"@type\":\"ListItem\",\"position\":1,\"name\":\"Anasayfa\",\"item\":\"https:\/\/mobika.com.tr\/\"},{\"@type\":\"ListItem\",\"position\":2,\"name\":\"Makine Parkuru\"}]},{\"@type\":\"WebSite\",\"@id\":\"https:\/\/mobika.com.tr\/#website\",\"url\":\"https:\/\/mobika.com.tr\/\",\"name\":\"Mobika A.\u015e.\",\"description\":\"Yap\u0131 Mobilya Yap\u0131 Malzemeleri\",\"publisher\":{\"@id\":\"https:\/\/mobika.com.tr\/#organization\"},\"potentialAction\":[{\"@type\":\"SearchAction\",\"target\":{\"@type\":\"EntryPoint\",\"urlTemplate\":\"https:\/\/mobika.com.tr\/?s={search_term_string}\"},\"query-input\":{\"@type\":\"PropertyValueSpecification\",\"valueRequired\":true,\"valueName\":\"search_term_string\"}}],\"inLanguage\":\"tr\"},{\"@type\":\"Organization\",\"@id\":\"https:\/\/mobika.com.tr\/#organization\",\"name\":\"Mobika A.\u015e.\",\"url\":\"https:\/\/mobika.com.tr\/\",\"logo\":{\"@type\":\"ImageObject\",\"inLanguage\":\"tr\",\"@id\":\"https:\/\/mobika.com.tr\/#\/schema\/logo\/image\/\",\"url\":\"https:\/\/mobika.com.tr\/wp-content\/uploads\/2022\/06\/logo-siyah-1.png\",\"contentUrl\":\"https:\/\/mobika.com.tr\/wp-content\/uploads\/2022\/06\/logo-siyah-1.png\",\"width\":1987,\"height\":399,\"caption\":\"Mobika A.\u015e.\"},\"image\":{\"@id\":\"https:\/\/mobika.com.tr\/#\/schema\/logo\/image\/\"}}]}<\/script>\n<!-- \/ Yoast SEO plugin. -->","yoast_head_json":{"title":"Makine Parkuru - Mobika A.\u015e.","robots":{"index":"index","follow":"follow","max-snippet":"max-snippet:-1","max-image-preview":"max-image-preview:large","max-video-preview":"max-video-preview:-1"},"canonical":"https:\/\/mobika.com.tr\/?page_id=1736","og_locale":"tr_TR","og_type":"article","og_title":"Makine Parkuru - Mobika A.\u015e.","og_description":"Makine Parkurumuz \u0130talyan&nbsp;Makine&nbsp;Parkurumuz&nbsp;ile AVRUPA STANDARTLARINDA MOD\u00dcLASYON \u00dcRET\u0130M","og_url":"https:\/\/mobika.com.tr\/?page_id=1736","og_site_name":"Mobika A.\u015e.","article_modified_time":"2022-07-03T21:16:40+00:00","og_image":[{"url":"https:\/\/mobika.com.tr\/wp-content\/uploads\/2022\/07\/DSC08383-1024x683.jpg","type":"","width":"","height":""}],"twitter_card":"summary_large_image","schema":{"@context":"https:\/\/schema.org","@graph":[{"@type":"WebPage","@id":"https:\/\/mobika.com.tr\/?page_id=1736","url":"https:\/\/mobika.com.tr\/?page_id=1736","name":"Makine Parkuru - Mobika A.\u015e.","isPartOf":{"@id":"https:\/\/mobika.com.tr\/#website"},"primaryImageOfPage":{"@id":"https:\/\/mobika.com.tr\/?page_id=1736#primaryimage"},"image":{"@id":"https:\/\/mobika.com.tr\/?page_id=1736#primaryimage"},"thumbnailUrl":"https:\/\/mobika.com.tr\/wp-content\/uploads\/2022\/07\/DSC08383-1024x683.jpg","datePublished":"2022-07-03T07:34:14+00:00","dateModified":"2022-07-03T21:16:40+00:00","breadcrumb":{"@id":"https:\/\/mobika.com.tr\/?page_id=1736#breadcrumb"},"inLanguage":"tr","potentialAction":[{"@type":"ReadAction","target":["https:\/\/mobika.com.tr\/?page_id=1736"]}]},{"@type":"ImageObject","inLanguage":"tr","@id":"https:\/\/mobika.com.tr\/?page_id=1736#primaryimage","url":"https:\/\/mobika.com.tr\/wp-content\/uploads\/2022\/07\/DSC08383.jpg","contentUrl":"https:\/\/mobika.com.tr\/wp-content\/uploads\/2022\/07\/DSC08383.jpg","width":1511,"height":1008},{"@type":"BreadcrumbList","@id":"https:\/\/mobika.com.tr\/?page_id=1736#breadcrumb","itemListElement":[{"@type":"ListItem","position":1,"name":"Anasayfa","item":"https:\/\/mobika.com.tr\/"},{"@type":"ListItem","position":2,"name":"Makine Parkuru"}]},{"@type":"WebSite","@id":"https:\/\/mobika.com.tr\/#website","url":"https:\/\/mobika.com.tr\/","name":"Mobika A.\u015e.","description":"Yap\u0131 Mobilya Yap\u0131 Malzemeleri","publisher":{"@id":"https:\/\/mobika.com.tr\/#organization"},"potentialAction":[{"@type":"SearchAction","target":{"@type":"EntryPoint","urlTemplate":"https:\/\/mobika.com.tr\/?s={search_term_string}"},"query-input":{"@type":"PropertyValueSpecification","valueRequired":true,"valueName":"search_term_string"}}],"inLanguage":"tr"},{"@type":"Organization","@id":"https:\/\/mobika.com.tr\/#organization","name":"Mobika A.\u015e.","url":"https:\/\/mobika.com.tr\/","logo":{"@type":"ImageObject","inLanguage":"tr","@id":"https:\/\/mobika.com.tr\/#\/schema\/logo\/image\/","url":"https:\/\/mobika.com.tr\/wp-content\/uploads\/2022\/06\/logo-siyah-1.png","contentUrl":"https:\/\/mobika.com.tr\/wp-content\/uploads\/2022\/06\/logo-siyah-1.png","width":1987,"height":399,"caption":"Mobika A.\u015e."},"image":{"@id":"https:\/\/mobika.com.tr\/#\/schema\/logo\/image\/"}}]}},"_links":{"self":[{"href":"https:\/\/mobika.com.tr\/index.php?rest_route=\/wp\/v2\/pages\/1736","targetHints":{"allow":["GET"]}}],"collection":[{"href":"https:\/\/mobika.com.tr\/index.php?rest_route=\/wp\/v2\/pages"}],"about":[{"href":"https:\/\/mobika.com.tr\/index.php?rest_route=\/wp\/v2\/types\/page"}],"author":[{"embeddable":true,"href":"https:\/\/mobika.com.tr\/index.php?rest_route=\/wp\/v2\/users\/1"}],"replies":[{"embeddable":true,"href":"https:\/\/mobika.com.tr\/index.php?rest_route=%2Fwp%2Fv2%2Fcomments&post=1736"}],"version-history":[{"count":56,"href":"https:\/\/mobika.com.tr\/index.php?rest_route=\/wp\/v2\/pages\/1736\/revisions"}],"predecessor-version":[{"id":1927,"href":"https:\/\/mobika.com.tr\/index.php?rest_route=\/wp\/v2\/pages\/1736\/revisions\/1927"}],"wp:attachment":[{"href":"https:\/\/mobika.com.tr\/index.php?rest_route=%2Fwp%2Fv2%2Fmedia&parent=1736"}],"curies":[{"name":"wp","href":"https:\/\/api.w.org\/{rel}","templated":true}]}}